{"id":148,"date":"2025-01-18T10:29:41","date_gmt":"2025-01-18T09:29:41","guid":{"rendered":"https:\/\/aujourdhui-jean-moulin.fr\/?page_id=148"},"modified":"2025-01-18T12:12:48","modified_gmt":"2025-01-18T11:12:48","slug":"aujourdhui-jean-moulin","status":"publish","type":"page","link":"https:\/\/aujourdhui-jean-moulin.fr\/","title":{"rendered":"Aujourd&rsquo;hui Jean Moulin"},"content":{"rendered":"\n<div class=\"wp-block-columns alignfull is-layout-flex wp-container-core-columns-is-layout-1 wp-block-columns-is-layout-flex\">\n<div class=\"wp-block-column is-layout-flow wp-block-column-is-layout-flow\">\n<figure class=\"wp-block-image size-large\"><img loading=\"lazy\" decoding=\"async\" width=\"1024\" height=\"922\" src=\"https:\/\/aujourdhui-jean-moulin.fr\/wp-content\/uploads\/2025\/01\/Alessandro_Lonati_-_Portrait_of_the_prefet_and_resistant_french_Jean_Moulin_1899-1943_-_MeisterDrucke-1458776-1-1024x922.jpg\" alt=\"\" class=\"wp-image-150\" srcset=\"https:\/\/aujourdhui-jean-moulin.fr\/wp-content\/uploads\/2025\/01\/Alessandro_Lonati_-_Portrait_of_the_prefet_and_resistant_french_Jean_Moulin_1899-1943_-_MeisterDrucke-1458776-1-1024x922.jpg 1024w, https:\/\/aujourdhui-jean-moulin.fr\/wp-content\/uploads\/2025\/01\/Alessandro_Lonati_-_Portrait_of_the_prefet_and_resistant_french_Jean_Moulin_1899-1943_-_MeisterDrucke-1458776-1-300x270.jpg 300w, https:\/\/aujourdhui-jean-moulin.fr\/wp-content\/uploads\/2025\/01\/Alessandro_Lonati_-_Portrait_of_the_prefet_and_resistant_french_Jean_Moulin_1899-1943_-_MeisterDrucke-1458776-1-768x692.jpg 768w, https:\/\/aujourdhui-jean-moulin.fr\/wp-content\/uploads\/2025\/01\/Alessandro_Lonati_-_Portrait_of_the_prefet_and_resistant_french_Jean_Moulin_1899-1943_-_MeisterDrucke-1458776-1.jpg 1260w\" sizes=\"auto, (max-width: 1024px) 100vw, 1024px\" \/><\/figure>\n<\/div>\n\n\n\n<div class=\"wp-block-column is-vertically-aligned-stretch is-content-justification-center is-layout-constrained wp-container-core-column-is-layout-2 wp-block-column-is-layout-constrained\" style=\"padding-top:40px;padding-right:40px;padding-bottom:40px;padding-left:40px\">\n<h4 class=\"wp-block-heading\">\u00ab Je ne savais pas que c\u2019\u00e9tait si simple de faire son devoir quand on est en danger \u00bb<\/h4>\n\n\n\n<div class=\"wp-block-group is-content-justification-left is-layout-constrained wp-container-core-group-is-layout-1 wp-block-group-is-layout-constrained\">\n<p class=\"has-text-align-left has-normal-font-size\">Jean MOULIN (1899-1943), Lettre \u00e0 sa m\u00e8re et \u00e0 sa s\u0153ur, 15 juin 1940<\/p>\n<\/div>\n<\/div>\n<\/div>\n\n\n\n<div class=\"wp-block-group alignfull is-layout-constrained wp-block-group-is-layout-constrained\" style=\"margin-top:0px;margin-bottom:0px;padding-top:64px;padding-bottom:64px\">\n<div class=\"wp-block-columns alignwide is-layout-flex wp-container-core-columns-is-layout-2 wp-block-columns-is-layout-flex\">\n<div class=\"wp-block-column is-layout-flow wp-block-column-is-layout-flow\">\n<p><\/p>\n\n\n\n<p><\/p>\n\n\n\n<h3 class=\"wp-block-heading\">Un homme un artiste un r\u00e9sistant<\/h3>\n\n\n\n<p>Capable de faire le lien entre et au sein m\u00eame des diff\u00e9rentes g\u00e9n\u00e9ration, Jean Moulin est la figure historique id\u00e9ale pour f\u00e9d\u00e9rer un ensemble de citoyens \u00e0 se retrouver, discuter et \u00e9changer autour de l&rsquo;art, le vivre ensemble et l&rsquo;esprit r\u00e9publicain de r\u00e9sistance.<\/p>\n<\/div>\n\n\n\n<div class=\"wp-block-column is-layout-flow wp-block-column-is-layout-flow\">\n<figure class=\"wp-block-image size-large size-full\"><img decoding=\"async\" src=\"https:\/\/img.over-blog-kiwi.com\/0\/53\/84\/41\/20161118\/ob_65bbed_romanin-montparnasse.jpg\" alt=\"\"\/><\/figure>\n\n\n\n<h3 class=\"wp-block-heading\"><\/h3>\n<\/div>\n<\/div>\n<\/div>\n\n\n\n<div class=\"wp-block-group alignfull has-background is-layout-flow wp-block-group-is-layout-flow\" style=\"background-color:#f2f0e9\">\n<div style=\"height:70px\" aria-hidden=\"true\" class=\"wp-block-spacer\"><\/div>\n\n\n\n<div class=\"wp-block-columns alignwide are-vertically-aligned-center is-layout-flex wp-container-core-columns-is-layout-3 wp-block-columns-is-layout-flex\">\n<div class=\"wp-block-column is-layout-flow wp-block-column-is-layout-flow\" style=\"flex-basis:50%\">\n<p class=\"has-text-color\" style=\"color:#000000;font-size:30px;line-height:1.1\"><strong>Inspiration oc\u00e9anique<\/strong><\/p>\n<\/div>\n\n\n\n<div class=\"wp-block-column is-layout-flow wp-block-column-is-layout-flow\" style=\"flex-basis:50%\">\n<hr class=\"wp-block-separator has-text-color has-css-opacity has-background is-style-wide\" style=\"background-color:#000000;color:#000000\"\/>\n<\/div>\n<\/div>\n\n\n\n<div class=\"wp-block-columns alignwide is-layout-flex wp-container-core-columns-is-layout-4 wp-block-columns-is-layout-flex\">\n<div class=\"wp-block-column is-layout-flow wp-block-column-is-layout-flow\"><\/div>\n\n\n\n<div class=\"wp-block-column is-layout-flow wp-block-column-is-layout-flow\">\n<p class=\"has-text-color has-extra-small-font-size\" style=\"color:#000000\">Enroulant des voiles autour de leurs t\u00eates, les femmes march\u00e8rent sur le pont. Ils descendaient maintenant progressivement le fleuve, d\u00e9passant les formes sombres des navires \u00e0 l\u2019ancre, et Londres \u00e9tait un fourmillement de lumi\u00e8res avec une vo\u00fbte jaune p\u00e2le qui tombait au-dessus. Il y avait les lumi\u00e8res des grands th\u00e9\u00e2tres, les lumi\u00e8res des longues rues, les lumi\u00e8res qui indiquaient d\u2019immenses espaces de confort domestique, les lumi\u00e8res qui pendaient haut dans l\u2019air.<\/p>\n<\/div>\n\n\n\n<div class=\"wp-block-column is-layout-flow wp-block-column-is-layout-flow\">\n<p class=\"has-text-color has-extra-small-font-size\" style=\"color:#000000\">Aucune obscurit\u00e9 ne s\u2019installerait jamais sur ces lampes, comme aucune obscurit\u00e9 ne s\u2019\u00e9tait install\u00e9e sur elles depuis des centaines d\u2019ann\u00e9es. Il semblait effrayant que la ville flamb\u00e2t \u00e0 jamais au m\u00eame endroit&nbsp;; effrayant du moins pour les gens qui partaient \u00e0 l\u2019aventure sur la mer, et qui la voyaient comme un monticule circonscrit, \u00e9ternellement br\u00fbl\u00e9, \u00e9ternellement balafr\u00e9. Du pont du navire, la grande ville apparaissait comme une figure recroquevill\u00e9e et fr\u00eale, un mis\u00e9reux s\u00e9dentaire.<\/p>\n<\/div>\n<\/div>\n\n\n\n<div style=\"height:40px\" aria-hidden=\"true\" class=\"wp-block-spacer\"><\/div>\n<\/div>\n\n\n\n<div class=\"wp-block-group alignfull is-layout-constrained wp-block-group-is-layout-constrained\" style=\"margin-top:0px;margin-bottom:0px;padding-top:64px;padding-bottom:64px\">\n<div class=\"wp-block-columns alignwide are-vertically-aligned-top is-layout-flex wp-container-core-columns-is-layout-5 wp-block-columns-is-layout-flex\">\n<div class=\"wp-block-column is-vertically-aligned-top is-layout-flow wp-block-column-is-layout-flow\">\n<hr class=\"wp-block-separator has-alpha-channel-opacity is-style-wide\"\/>\n\n\n\n<h2 class=\"wp-block-heading has-medium-font-size\">Comm\u00e9morer le pass\u00e9<\/h2>\n\n\n\n<p>Afin que la m\u00e9moire de la R\u00e9sistance, de la Lib\u00e9ration et de la d\u00e9portation ne s&rsquo;\u00e9teigne jamais, nous la perp\u00e9tuons aupr\u00e8s des jeunes g\u00e9n\u00e9rations.<\/p>\n<\/div>\n\n\n\n<div class=\"wp-block-column is-vertically-aligned-top is-layout-flow wp-block-column-is-layout-flow\">\n<hr class=\"wp-block-separator has-alpha-channel-opacity is-style-wide\"\/>\n\n\n\n<h2 class=\"wp-block-heading has-medium-font-size\">Agir au pr\u00e9sent<\/h2>\n\n\n\n<p>Avec l\u2019esprit r\u00e9publicain de Jean Moulin comme boussole, nous \u0153uvrons pour favoriser le lien social, le respect et la solidarit\u00e9.<\/p>\n<\/div>\n\n\n\n<div class=\"wp-block-column is-vertically-aligned-top is-layout-flow wp-block-column-is-layout-flow\">\n<hr class=\"wp-block-separator has-alpha-channel-opacity is-style-wide\"\/>\n\n\n\n<h2 class=\"wp-block-heading has-medium-font-size\">Pr\u00e9parer l&rsquo;avenir<\/h2>\n\n\n\n<p>Pour faire face aux d\u00e9fis de notre \u00e9poque, nous encourageons une participation constructive \u00e0 la vie d\u00e9mocratique, en s\u2019appuyant sur les enseignements du pass\u00e9.<\/p>\n<\/div>\n<\/div>\n<\/div>\n\n\n\n<hr class=\"wp-block-separator has-alpha-channel-opacity is-style-wide\"\/>\n\n\n\n<div style=\"height:55px\" aria-hidden=\"true\" class=\"wp-block-spacer\"><\/div>\n\n\n\n<div class=\"wp-block-columns is-layout-flex wp-container-core-columns-is-layout-6 wp-block-columns-is-layout-flex\">\n<div class=\"wp-block-column is-layout-flow wp-block-column-is-layout-flow\">\n<h2 class=\"wp-block-heading\">Remerciements \u00e0 la famille<\/h2>\n<\/div>\n\n\n\n<div class=\"wp-block-column is-layout-flow wp-block-column-is-layout-flow\">\n<p>qsdqsdqsd<br>sdfsdf<\/p>\n<\/div>\n<\/div>\n\n\n\n<div style=\"height:72px\" aria-hidden=\"true\" class=\"wp-block-spacer\"><\/div>\n\n\n\n<div class=\"wp-block-columns is-layout-flex wp-container-core-columns-is-layout-7 wp-block-columns-is-layout-flex\">\n<div class=\"wp-block-column is-layout-flow wp-block-column-is-layout-flow\">\n<p>zerzerzerz<\/p>\n<\/div>\n\n\n\n<div class=\"wp-block-column is-layout-flow wp-block-column-is-layout-flow\">\n<h2 class=\"wp-block-heading\">zerzerzer<\/h2>\n<\/div>\n<\/div>\n\n\n\n<div style=\"height:86px\" aria-hidden=\"true\" class=\"wp-block-spacer\"><\/div>\n\n\n\n<div class=\"wp-block-columns is-layout-flex wp-container-core-columns-is-layout-8 wp-block-columns-is-layout-flex\">\n<div class=\"wp-block-column is-layout-flow wp-block-column-is-layout-flow\">\n<h2 class=\"wp-block-heading\">sdfsdf<\/h2>\n<\/div>\n\n\n\n<div class=\"wp-block-column is-layout-flow wp-block-column-is-layout-flow\">\n<p>sdfsdfsdf<\/p>\n<\/div>\n<\/div>\n\n\n\n<p><\/p>\n","protected":false},"excerpt":{"rendered":"<p>\u00ab Je ne savais pas que c\u2019\u00e9tait si simple de faire son devoir quand on est en danger \u00bb Jean MOULIN (1899-1943), Lettre \u00e0 sa m\u00e8re et \u00e0 sa s\u0153ur, 15 juin 1940 Un homme un artiste un r\u00e9sistant Capable de faire le lien entre et au sein m\u00eame des diff\u00e9rentes g\u00e9n\u00e9ration, Jean Moulin est [&hellip;]<\/p>\n","protected":false},"author":1,"featured_media":0,"parent":0,"menu_order":0,"comment_status":"closed","ping_status":"closed","template":"","meta":{"footnotes":""},"class_list":["post-148","page","type-page","status-publish","hentry"],"_links":{"self":[{"href":"https:\/\/aujourdhui-jean-moulin.fr\/index.php\/wp-json\/wp\/v2\/pages\/148","targetHints":{"allow":["GET"]}}],"collection":[{"href":"https:\/\/aujourdhui-jean-moulin.fr\/index.php\/wp-json\/wp\/v2\/pages"}],"about":[{"href":"https:\/\/aujourdhui-jean-moulin.fr\/index.php\/wp-json\/wp\/v2\/types\/page"}],"author":[{"embeddable":true,"href":"https:\/\/aujourdhui-jean-moulin.fr\/index.php\/wp-json\/wp\/v2\/users\/1"}],"replies":[{"embeddable":true,"href":"https:\/\/aujourdhui-jean-moulin.fr\/index.php\/wp-json\/wp\/v2\/comments?post=148"}],"version-history":[{"count":17,"href":"https:\/\/aujourdhui-jean-moulin.fr\/index.php\/wp-json\/wp\/v2\/pages\/148\/revisions"}],"predecessor-version":[{"id":225,"href":"https:\/\/aujourdhui-jean-moulin.fr\/index.php\/wp-json\/wp\/v2\/pages\/148\/revisions\/225"}],"wp:attachment":[{"href":"https:\/\/aujourdhui-jean-moulin.fr\/index.php\/wp-json\/wp\/v2\/media?parent=148"}],"curies":[{"name":"wp","href":"https:\/\/api.w.org\/{rel}","templated":true}]}}