{"id":251,"date":"2025-01-18T12:58:32","date_gmt":"2025-01-18T11:58:32","guid":{"rendered":"https:\/\/aujourdhui-jean-moulin.fr\/?page_id=251"},"modified":"2025-04-29T08:39:56","modified_gmt":"2025-04-29T06:39:56","slug":"nos-actions","status":"publish","type":"page","link":"https:\/\/aujourdhui-jean-moulin.fr\/index.php\/nos-actions\/","title":{"rendered":"Nos actions"},"content":{"rendered":"\n<p><em>Apr\u00e8s avoir \u00e9t\u00e9 capable d\u2019unir des gens d\u2019horizons diff\u00e9rents, Jean Moulin est une figure inspirante pour f\u00e9d\u00e9rer un ensemble de citoyens autour de l\u2019art, du vivre ensemble et de l\u2019esprit d\u00e9mocratique et r\u00e9publicain.<\/em><\/p>\n\n\n\n<hr class=\"wp-block-separator has-alpha-channel-opacity is-style-default\"\/>\n\n\n\n<div class=\"wp-block-columns alignwide is-layout-flex wp-container-core-columns-is-layout-1 wp-block-columns-is-layout-flex\" style=\"margin-bottom:0\">\n<div class=\"wp-block-column has-text-color has-background has-link-color wp-elements-a21a0a42bb5627280e8839471fe65073 is-layout-flow wp-block-column-is-layout-flow\" style=\"color:#000000;background-color:#b735357a;padding-top:2em;padding-right:2em;padding-bottom:2em;padding-left:2em\">\n<h2 class=\"wp-block-heading\" id=\"single\" style=\"font-size:40px\"><strong>Education<\/strong><\/h2>\n\n\n\n<hr class=\"wp-block-separator has-text-color has-css-opacity has-background is-style-wide\" style=\"background-color:#000000;color:#000000\"\/>\n\n\n\n<p class=\"has-normal-font-size\" style=\"line-height:1.5\"><strong>Organisation d\u2019ateliers th\u00e9matiques aupr\u00e8s des jeunes g\u00e9n\u00e9rations sur :<br><\/strong><\/p>\n\n\n\n<ul class=\"wp-block-list has-normal-font-size\">\n<li>La M\u00e9moire : la vie de Jean Moulin, la R\u00e9sistance et la Seconde Guerre mondiale ; la Shoah<\/li>\n\n\n\n<li>L\u2019esprit critique avec le module  \u00ab\u00a0Savoir penser, savoir parler\u00a0\u00bb<\/li>\n\n\n\n<li>La R\u00e9publique : fonctionnement des institutions r\u00e9publicaines, valeurs et principes de la R\u00e9publique<\/li>\n<\/ul>\n\n\n\n<div class=\"wp-block-buttons alignfull is-horizontal is-content-justification-center is-layout-flex wp-container-core-buttons-is-layout-1 wp-block-buttons-is-layout-flex\">\n<div class=\"wp-block-button has-custom-width wp-block-button__width-100\"><a class=\"wp-block-button__link has-white-color has-text-color has-background no-border-radius wp-element-button\" href=\"https:\/\/aujourdhui-jean-moulin.fr\/index.php\/nos-actions\/#Conf%C3%A9rences\" style=\"background-color:#000000\">En savoir plus<\/a><\/div>\n<\/div>\n<\/div>\n\n\n\n<div class=\"wp-block-column has-text-color has-background has-link-color wp-elements-1a9ce7898b739b9d108bd9cb4a690658 is-layout-flow wp-block-column-is-layout-flow\" style=\"color:#000000;background-color:#168e9c61;padding-top:2em;padding-right:2em;padding-bottom:2em;padding-left:2em\">\n<h2 class=\"wp-block-heading\" id=\"single\" style=\"font-size:40px\"><strong>Art<\/strong><\/h2>\n\n\n\n<hr class=\"wp-block-separator has-text-color has-css-opacity has-background is-style-wide\" style=\"background-color:#000000;color:#000000\"\/>\n\n\n\n<p class=\"has-normal-font-size\" style=\"line-height:1.5\"><strong>Organisation d\u2019activit\u00e9s artistiques :<\/strong><\/p>\n\n\n\n<ul class=\"wp-block-list has-normal-font-size\">\n<li>Concours et ateliers de dessin<\/li>\n\n\n\n<li>Projections de films et de documentaires sur la R\u00e9sistance, la Seconde Guerre mondiale et la Shoah ;<\/li>\n\n\n\n<li>Rencontres avec des artistes sur l\u2019art et l\u2019engagement<\/li>\n\n\n\n<li>Concours d&rsquo;art oratoire<\/li>\n<\/ul>\n\n\n\n<div style=\"height:162px\" aria-hidden=\"true\" class=\"wp-block-spacer\"><\/div>\n\n\n\n<div class=\"wp-block-buttons alignfull is-horizontal is-content-justification-center is-layout-flex wp-container-core-buttons-is-layout-2 wp-block-buttons-is-layout-flex\">\n<div class=\"wp-block-button has-custom-width wp-block-button__width-100\"><a class=\"wp-block-button__link has-white-color has-text-color has-background no-border-radius wp-element-button\" href=\"https:\/\/aujourdhui-jean-moulin.fr\/index.php\/nos-actions\/#ecosystem\" style=\"background-color:#000000\">En savoir plus<\/a><\/div>\n<\/div>\n<\/div>\n\n\n\n<div class=\"wp-block-column has-text-color has-background has-link-color wp-elements-94d390bf67db5dd76893aefbb6656fa1 is-layout-flow wp-block-column-is-layout-flow\" style=\"color:#000000;background-color:#d1d1e1;padding-top:2em;padding-right:2em;padding-bottom:2em;padding-left:2em\">\n<h2 class=\"wp-block-heading\" id=\"family\" style=\"font-size:40px\"><strong>Rencontres<\/strong><\/h2>\n\n\n\n<hr class=\"wp-block-separator has-text-color has-css-opacity has-background is-style-wide\" style=\"background-color:#000000;color:#000000\"\/>\n\n\n\n<p class=\"has-normal-font-size\" style=\"line-height:1.5\"><strong>Favoriser le vivre-ensemble et le dialogue inter et intra-g\u00e9n\u00e9rationnel par l\u2019organisation de :<\/strong><\/p>\n\n\n\n<ul class=\"wp-block-list has-normal-font-size\">\n<li>T\u00e9moignages crois\u00e9s<\/li>\n\n\n\n<li>Soir\u00e9es d\u00e9bats<\/li>\n\n\n\n<li>Repas conviaux et solidaires<\/li>\n\n\n\n<li>Echanges sur les cahiers de dol\u00e9ances<\/li>\n<\/ul>\n\n\n\n<div style=\"height:209px\" aria-hidden=\"true\" class=\"wp-block-spacer\"><\/div>\n\n\n\n<div class=\"wp-block-buttons alignfull is-horizontal is-content-justification-center is-layout-flex wp-container-core-buttons-is-layout-3 wp-block-buttons-is-layout-flex\">\n<div class=\"wp-block-button has-custom-width wp-block-button__width-100 is-style-fill\"><a class=\"wp-block-button__link has-white-color has-text-color has-background no-border-radius wp-element-button\" href=\"https:\/\/aujourdhui-jean-moulin.fr\/index.php\/nos-actions\/#Eloquence\" style=\"background-color:#000000\">En savoir plus<\/a><\/div>\n<\/div>\n<\/div>\n<\/div>\n\n\n\n<div class=\"wp-block-buttons is-content-justification-center is-layout-flex wp-container-core-buttons-is-layout-4 wp-block-buttons-is-layout-flex\">\n<div class=\"wp-block-button\"><a class=\"wp-block-button__link has-background wp-element-button\" href=\"https:\/\/www.helloasso.com\/associations\/aujourd-hui-jean-moulin\" style=\"background-color:#1e1f42\">Pour nous soutenir, c&rsquo;est ici !<\/a><\/div>\n<\/div>\n\n\n\n<div class=\"wp-block-group alignfull has-background is-layout-flow wp-block-group-is-layout-flow\" style=\"background-color:#f2f0e9\">\n<div style=\"height:70px\" aria-hidden=\"true\" class=\"wp-block-spacer\"><\/div>\n\n\n\n<div class=\"wp-block-columns alignwide are-vertically-aligned-center is-layout-flex wp-container-core-columns-is-layout-2 wp-block-columns-is-layout-flex\">\n<div class=\"wp-block-column is-layout-flow wp-block-column-is-layout-flow\" style=\"flex-basis:50%\">\n<p class=\"has-text-color\" id=\"Conf\u00e9rences\" style=\"color:#000000;font-size:30px;line-height:1.1\"><strong>Education<\/strong><\/p>\n<\/div>\n\n\n\n<div class=\"wp-block-column is-layout-flow wp-block-column-is-layout-flow\" style=\"flex-basis:50%\">\n<hr class=\"wp-block-separator has-text-color has-css-opacity has-background is-style-wide\" style=\"background-color:#000000;color:#000000\"\/>\n<\/div>\n<\/div>\n\n\n\n<div class=\"wp-block-columns alignwide is-layout-flex wp-container-core-columns-is-layout-3 wp-block-columns-is-layout-flex\">\n<div class=\"wp-block-column is-vertically-aligned-center is-layout-flow wp-block-column-is-layout-flow\">\n<p>La transmission de la m\u00e9moire, le d\u00e9veloppement d\u2019un esprit critique et la connaissance des valeurs r\u00e9publicaines et des principes d\u00e9mocratiques sont essentielles pour former des citoyens \u00e9clair\u00e9s. C\u2019est dans cette optique que nous proposons des conf\u00e9rences et des ateliers th\u00e9matiques \u00e0 destination de la jeune g\u00e9n\u00e9ration.<\/p>\n\n\n\n<p><strong>Les ateliers M\u00e9moires<\/strong> ont pour objectif de participer au devoir de m\u00e9moire collectif en transmettant aux jeunes g\u00e9n\u00e9rations des connaissances historiques essentielles sur la vie de Jean Moulin et la R\u00e9sistance ainsi que la Shoah. Les participants sont invit\u00e9s \u00e0 comprendre les enjeux de ces p\u00e9riodes cruciales et \u00e0 en tirer des le\u00e7ons pour le pr\u00e9sent. Pour faciliter la transmission, ces ateliers reposent sur une diversit\u00e9 de supports : photographies, dessins, s\u00e9quences film\u00e9es et t\u00e9moignages.<\/p>\n\n\n\n<p><strong>L\u2019atelier \u00ab Savoir penser, savoir parler \u00bb<\/strong>, con\u00e7u pour des jeunes de 12 \u00e0 18 ans \u00e0 d\u00e9velopper simultan\u00e9ment leur esprit critique et leur ma\u00eetrise de l\u2019art oratoire. Un pont fondamental entre ces deux dimensions est l\u2019\u00e9thique et la responsabilit\u00e9 dans l&rsquo;usage de la parole. L\u2019ambition est de former des citoyens engag\u00e9s et \u00e9mancip\u00e9s, capables de r\u00e9flexion autonome et d\u2019expression constructive pour participer \u00e0 la vie d\u00e9mocratique et au d\u00e9bat public, tout en cultivant un esprit critique et de d\u00e9fense \u00e0 l\u2019\u00e8re de la post-v\u00e9rit\u00e9.<\/p>\n\n\n\n<p><strong>L\u2019atelier R\u00e9publicain<\/strong> pr\u00e9sente le fonctionnement des institutions r\u00e9publicaines (Pr\u00e9sident, Gouvernement, Parlement, Conseil constitutionnel, Justice, collectivit\u00e9s territoriales) et les valeurs et les principes fondamentaux de la R\u00e9publique (libert\u00e9, \u00e9galit\u00e9, fraternit\u00e9, indivisibilit\u00e9, la\u00efcit\u00e9, d\u00e9mocratie, social). L&rsquo;objectif de l\u2019atelier est de d\u00e9velopper chez les participants une conscience de leurs droits et de leurs devoirs en tant que citoyens et de les encourager \u00e0 s&rsquo;engager activement et de mani\u00e8re \u00e9clair\u00e9e dans la vie de la cit\u00e9.<\/p>\n<\/div>\n\n\n\n<div class=\"wp-block-column is-vertically-aligned-center is-layout-flow wp-block-column-is-layout-flow\">\n<figure class=\"wp-block-image aligncenter size-large is-resized\"><img loading=\"lazy\" decoding=\"async\" width=\"680\" height=\"1024\" src=\"https:\/\/aujourdhui-jean-moulin.fr\/wp-content\/uploads\/2025\/02\/alberto-bigoni-kvinEq5Utfw-unsplash-680x1024.jpg\" alt=\"\" class=\"wp-image-513\" style=\"aspect-ratio:0.75;object-fit:cover;width:500px\" srcset=\"https:\/\/aujourdhui-jean-moulin.fr\/wp-content\/uploads\/2025\/02\/alberto-bigoni-kvinEq5Utfw-unsplash-680x1024.jpg 680w, https:\/\/aujourdhui-jean-moulin.fr\/wp-content\/uploads\/2025\/02\/alberto-bigoni-kvinEq5Utfw-unsplash-199x300.jpg 199w, https:\/\/aujourdhui-jean-moulin.fr\/wp-content\/uploads\/2025\/02\/alberto-bigoni-kvinEq5Utfw-unsplash-768x1156.jpg 768w, https:\/\/aujourdhui-jean-moulin.fr\/wp-content\/uploads\/2025\/02\/alberto-bigoni-kvinEq5Utfw-unsplash-1020x1536.jpg 1020w, https:\/\/aujourdhui-jean-moulin.fr\/wp-content\/uploads\/2025\/02\/alberto-bigoni-kvinEq5Utfw-unsplash-1360x2048.jpg 1360w, https:\/\/aujourdhui-jean-moulin.fr\/wp-content\/uploads\/2025\/02\/alberto-bigoni-kvinEq5Utfw-unsplash-scaled.jpg 1700w\" sizes=\"auto, (max-width: 680px) 100vw, 680px\" \/><\/figure>\n<\/div>\n<\/div>\n\n\n\n<div style=\"height:40px\" aria-hidden=\"true\" class=\"wp-block-spacer\"><\/div>\n<\/div>\n\n\n\n<div class=\"wp-block-group alignfull has-background is-layout-flow wp-block-group-is-layout-flow\" style=\"background-color:#f5eac1;padding-top:6vw;padding-right:6vw;padding-bottom:6vw;padding-left:6vw\">\n<div class=\"wp-block-group is-vertical is-nowrap is-layout-flex wp-container-core-group-is-layout-2 wp-block-group-is-layout-flex\" style=\"padding-right:0;padding-left:0\">\n<h6 class=\"wp-block-heading has-text-color has-x-large-font-size\" id=\"ecosystem\" style=\"color:#000000\">Art<\/h6>\n<\/div>\n\n\n\n<div class=\"wp-block-group alignwide is-vertical is-nowrap is-layout-flex wp-container-core-group-is-layout-3 wp-block-group-is-layout-flex\" style=\"padding-top:0;padding-right:0;padding-bottom:0;padding-left:0\">\n<div class=\"wp-block-columns alignwide is-layout-flex wp-container-core-columns-is-layout-4 wp-block-columns-is-layout-flex\">\n<div class=\"wp-block-column is-vertically-aligned-center is-layout-flow wp-block-column-is-layout-flow\" style=\"flex-basis:33.38%\">\n<p class=\"has-text-color has-normal-font-size\" style=\"color:#000000\">Afin de mettre en lumi\u00e8re les multiples talents artistiques de Jean Moulin, dont le pseudonyme \u00ab\u00a0Romanin\u00a0\u00bb r\u00e9sonnera d\u00e8s 1922, et dans le but de d\u00e9mocratiser l&rsquo;acc\u00e8s et la pratique des arts graphiques aupr\u00e8s d&rsquo;un large public, l&rsquo;association int\u00e9grera une s\u00e9rie d&rsquo;activit\u00e9s artistiques \u00e0 ses \u00e9v\u00e9nements futurs. Ces initiatives s&rsquo;articuleront autour de la d\u00e9couverte des \u0153uvres graphiques de Romanin r\u00e9v\u00e9lant une facette moins connue mais essentielle de la personnalit\u00e9 de Jean Moulin et de son engagement. Des ateliers pratiques d&rsquo;initiation aux diff\u00e9rentes techniques des arts graphiques seront aussi propos\u00e9s, en particulier aux enfants et adolescents, anim\u00e9s par des artistes contemporains, afin d&rsquo;encourager la cr\u00e9ativit\u00e9. L&rsquo;objectif est ainsi de s\u2019appuyer sur la richesse des arts graphiques comme un outil d&rsquo;\u00e9ducation populaire et d&rsquo;\u00e9panouissement pour chacun.<br><\/p>\n<\/div>\n\n\n\n<div class=\"wp-block-column is-vertically-aligned-center is-layout-flow wp-block-column-is-layout-flow\" style=\"flex-basis:33%\">\n<div style=\"height:2vw\" aria-hidden=\"true\" class=\"wp-block-spacer\"><\/div>\n\n\n\n<figure class=\"wp-block-image aligncenter size-large\"><img loading=\"lazy\" decoding=\"async\" width=\"683\" height=\"1024\" src=\"https:\/\/aujourdhui-jean-moulin.fr\/wp-content\/uploads\/2025\/02\/stefan-lehner-eWHJjFY1NGU-unsplash-683x1024.jpg\" alt=\"\" class=\"wp-image-514\" srcset=\"https:\/\/aujourdhui-jean-moulin.fr\/wp-content\/uploads\/2025\/02\/stefan-lehner-eWHJjFY1NGU-unsplash-683x1024.jpg 683w, https:\/\/aujourdhui-jean-moulin.fr\/wp-content\/uploads\/2025\/02\/stefan-lehner-eWHJjFY1NGU-unsplash-200x300.jpg 200w, https:\/\/aujourdhui-jean-moulin.fr\/wp-content\/uploads\/2025\/02\/stefan-lehner-eWHJjFY1NGU-unsplash-768x1152.jpg 768w, https:\/\/aujourdhui-jean-moulin.fr\/wp-content\/uploads\/2025\/02\/stefan-lehner-eWHJjFY1NGU-unsplash-1024x1536.jpg 1024w, https:\/\/aujourdhui-jean-moulin.fr\/wp-content\/uploads\/2025\/02\/stefan-lehner-eWHJjFY1NGU-unsplash-1365x2048.jpg 1365w, https:\/\/aujourdhui-jean-moulin.fr\/wp-content\/uploads\/2025\/02\/stefan-lehner-eWHJjFY1NGU-unsplash-scaled.jpg 1706w\" sizes=\"auto, (max-width: 683px) 100vw, 683px\" \/><\/figure>\n<\/div>\n\n\n\n<div class=\"wp-block-column is-vertically-aligned-center is-layout-flow wp-block-column-is-layout-flow\" style=\"flex-basis:33%\">\n<div style=\"height:2vw\" aria-hidden=\"true\" class=\"wp-block-spacer\"><\/div>\n\n\n\n<figure class=\"wp-block-image aligncenter size-large\"><img loading=\"lazy\" decoding=\"async\" width=\"683\" height=\"1024\" src=\"https:\/\/aujourdhui-jean-moulin.fr\/wp-content\/uploads\/2025\/02\/pexels-shelaghmurphy-2258795-683x1024.jpg\" alt=\"\" class=\"wp-image-525\" srcset=\"https:\/\/aujourdhui-jean-moulin.fr\/wp-content\/uploads\/2025\/02\/pexels-shelaghmurphy-2258795-683x1024.jpg 683w, https:\/\/aujourdhui-jean-moulin.fr\/wp-content\/uploads\/2025\/02\/pexels-shelaghmurphy-2258795-200x300.jpg 200w, https:\/\/aujourdhui-jean-moulin.fr\/wp-content\/uploads\/2025\/02\/pexels-shelaghmurphy-2258795-768x1152.jpg 768w, https:\/\/aujourdhui-jean-moulin.fr\/wp-content\/uploads\/2025\/02\/pexels-shelaghmurphy-2258795-1024x1536.jpg 1024w, https:\/\/aujourdhui-jean-moulin.fr\/wp-content\/uploads\/2025\/02\/pexels-shelaghmurphy-2258795-1365x2048.jpg 1365w, https:\/\/aujourdhui-jean-moulin.fr\/wp-content\/uploads\/2025\/02\/pexels-shelaghmurphy-2258795-scaled.jpg 1707w\" sizes=\"auto, (max-width: 683px) 100vw, 683px\" \/><\/figure>\n<\/div>\n<\/div>\n\n\n\n<div class=\"wp-block-columns alignwide is-layout-flex wp-container-core-columns-is-layout-5 wp-block-columns-is-layout-flex\">\n<div class=\"wp-block-column is-layout-flow wp-block-column-is-layout-flow\" style=\"flex-basis:69%\">\n<figure class=\"wp-block-image aligncenter size-large is-resized\"><img loading=\"lazy\" decoding=\"async\" width=\"680\" height=\"1024\" src=\"https:\/\/aujourdhui-jean-moulin.fr\/wp-content\/uploads\/2025\/04\/alarm-5609414_1280-680x1024.jpg\" alt=\"\" class=\"wp-image-804\" style=\"aspect-ratio:0.75;object-fit:cover;width:500px\" srcset=\"https:\/\/aujourdhui-jean-moulin.fr\/wp-content\/uploads\/2025\/04\/alarm-5609414_1280-680x1024.jpg 680w, https:\/\/aujourdhui-jean-moulin.fr\/wp-content\/uploads\/2025\/04\/alarm-5609414_1280-199x300.jpg 199w, https:\/\/aujourdhui-jean-moulin.fr\/wp-content\/uploads\/2025\/04\/alarm-5609414_1280-768x1157.jpg 768w, https:\/\/aujourdhui-jean-moulin.fr\/wp-content\/uploads\/2025\/04\/alarm-5609414_1280.jpg 850w\" sizes=\"auto, (max-width: 680px) 100vw, 680px\" \/><\/figure>\n<\/div>\n\n\n\n<div class=\"wp-block-column is-vertically-aligned-center is-layout-flow wp-block-column-is-layout-flow\" style=\"flex-basis:33%\">\n<div style=\"height:2vw\" aria-hidden=\"true\" class=\"wp-block-spacer\"><\/div>\n\n\n\n<p class=\"has-text-color has-normal-font-size\" style=\"color:#000000\">Par sa capacit\u00e9 \u00e0 \u00e9mouvoir et \u00e0 inspirer, l&rsquo;art, dans sa pluralit\u00e9 d&rsquo;expressions, se r\u00e9v\u00e8le un vecteur essentiel de la m\u00e9moire. C&rsquo;est la raison pour laquelle nous organisons des projections de films et de documentaires d\u00e9di\u00e9s \u00e0 la R\u00e9sistance, la Seconde Guerre mondiale et la Shoah. Ces \u0153uvres permettent de maintenir vivace le souvenir des \u00e9v\u00e9nements tragiques et des id\u00e9aux qui ont marqu\u00e9 l&rsquo;Histoire. L\u2019ambition de ces projections est aussi de cr\u00e9er un espace de dialogue interg\u00e9n\u00e9rationnel pour la transmission d&rsquo;une m\u00e9moire collective. En compl\u00e9ment, les rencontres avec des artistes de divers horizons (\u00e9crivains, cin\u00e9astes, plasticiens, graphistes&#8230;) favoriseront un dialogue sur le r\u00f4le de l&rsquo;art comme vecteur de partage et d&rsquo;\u00e9mancipation collective.<br><\/p>\n<\/div>\n<\/div>\n<\/div>\n<\/div>\n\n\n\n<div class=\"wp-block-cover alignfull is-light\" style=\"min-height:100vh;aspect-ratio:unset;aspect-ratio:unset;\"><span aria-hidden=\"true\" class=\"wp-block-cover__background has-background-dim-100 has-background-dim\" style=\"background-color:#ffffff\"><\/span><div class=\"wp-block-cover__inner-container is-layout-flow wp-block-cover-is-layout-flow\">\n<div class=\"wp-block-media-text alignwide is-stacked-on-mobile is-vertically-aligned-center is-image-fill-element\" style=\"grid-template-columns:56% auto\"><figure class=\"wp-block-media-text__media\"><img loading=\"lazy\" decoding=\"async\" width=\"679\" height=\"1024\" src=\"https:\/\/aujourdhui-jean-moulin.fr\/wp-content\/uploads\/2025\/02\/pexels-myatezhny39-2927584-679x1024.jpg\" alt=\"\" class=\"wp-image-529 size-full\" style=\"object-position:50% 50%\" srcset=\"https:\/\/aujourdhui-jean-moulin.fr\/wp-content\/uploads\/2025\/02\/pexels-myatezhny39-2927584-679x1024.jpg 679w, https:\/\/aujourdhui-jean-moulin.fr\/wp-content\/uploads\/2025\/02\/pexels-myatezhny39-2927584-199x300.jpg 199w, https:\/\/aujourdhui-jean-moulin.fr\/wp-content\/uploads\/2025\/02\/pexels-myatezhny39-2927584-768x1158.jpg 768w, https:\/\/aujourdhui-jean-moulin.fr\/wp-content\/uploads\/2025\/02\/pexels-myatezhny39-2927584-1018x1536.jpg 1018w, https:\/\/aujourdhui-jean-moulin.fr\/wp-content\/uploads\/2025\/02\/pexels-myatezhny39-2927584-1358x2048.jpg 1358w, https:\/\/aujourdhui-jean-moulin.fr\/wp-content\/uploads\/2025\/02\/pexels-myatezhny39-2927584-scaled.jpg 1697w\" sizes=\"auto, (max-width: 679px) 100vw, 679px\" \/><\/figure><div class=\"wp-block-media-text__content\">\n<h2 class=\"wp-block-heading has-text-color\" id=\"Eloquence\" style=\"color:#000000;font-size:32px\"><strong>Rencontres<\/strong><\/h2>\n\n\n\n<p class=\"has-text-color\" style=\"color:#000000;font-size:20px\">Pour favoriser le vivre-ensemble et renforcer les liens entre les g\u00e9n\u00e9rations, nous proposons un ensemble d&rsquo;actions et d&rsquo;\u00e9v\u00e9nements conviviaux et participatifs. Les t\u00e9moignages partag\u00e9s sont des rencontres entre des t\u00e9moins de diff\u00e9rentes g\u00e9n\u00e9rations pour partager leurs exp\u00e9riences et leurs regards sur l&rsquo;histoire. Les soir\u00e9es th\u00e9matiques permettent d&rsquo;aborder les grands enjeux de notre \u00e9poque et d&rsquo;encourager le d\u00e9bat interg\u00e9n\u00e9rationnel et intra-g\u00e9n\u00e9rationnel afin de lutter contre le triple isolement social, \u00e9conomique et algorithmique.<\/p>\n\n\n\n<p class=\"has-text-color\" style=\"color:#000000;font-size:20px\">Des repas conviviaux sont aussi organis\u00e9s dans un esprit de solidarit\u00e9 et de partage, ouverts \u00e0 tous les \u00e2ges. Ces actions, bas\u00e9es sur l&rsquo;\u00e9change, le partage et la participation de tous, permettront de cr\u00e9er du lien social, de renforcer la solidarit\u00e9 entre les g\u00e9n\u00e9rations et de construire ensemble un avenir meilleur.<\/p>\n<\/div><\/div>\n<\/div><\/div>\n","protected":false},"excerpt":{"rendered":"<p>Apr\u00e8s avoir \u00e9t\u00e9 capable d\u2019unir des gens d\u2019horizons diff\u00e9rents, Jean Moulin est une figure inspirante pour f\u00e9d\u00e9rer un ensemble de citoyens autour de l\u2019art, du vivre ensemble et de l\u2019esprit d\u00e9mocratique et r\u00e9publicain. Education Organisation d\u2019ateliers th\u00e9matiques aupr\u00e8s des jeunes g\u00e9n\u00e9rations sur : Art Organisation d\u2019activit\u00e9s artistiques : Rencontres Favoriser le vivre-ensemble et le dialogue [&hellip;]<\/p>\n","protected":false},"author":1,"featured_media":0,"parent":0,"menu_order":0,"comment_status":"closed","ping_status":"closed","template":"","meta":{"footnotes":""},"class_list":["post-251","page","type-page","status-publish","hentry"],"_links":{"self":[{"href":"https:\/\/aujourdhui-jean-moulin.fr\/index.php\/wp-json\/wp\/v2\/pages\/251","targetHints":{"allow":["GET"]}}],"collection":[{"href":"https:\/\/aujourdhui-jean-moulin.fr\/index.php\/wp-json\/wp\/v2\/pages"}],"about":[{"href":"https:\/\/aujourdhui-jean-moulin.fr\/index.php\/wp-json\/wp\/v2\/types\/page"}],"author":[{"embeddable":true,"href":"https:\/\/aujourdhui-jean-moulin.fr\/index.php\/wp-json\/wp\/v2\/users\/1"}],"replies":[{"embeddable":true,"href":"https:\/\/aujourdhui-jean-moulin.fr\/index.php\/wp-json\/wp\/v2\/comments?post=251"}],"version-history":[{"count":95,"href":"https:\/\/aujourdhui-jean-moulin.fr\/index.php\/wp-json\/wp\/v2\/pages\/251\/revisions"}],"predecessor-version":[{"id":805,"href":"https:\/\/aujourdhui-jean-moulin.fr\/index.php\/wp-json\/wp\/v2\/pages\/251\/revisions\/805"}],"wp:attachment":[{"href":"https:\/\/aujourdhui-jean-moulin.fr\/index.php\/wp-json\/wp\/v2\/media?parent=251"}],"curies":[{"name":"wp","href":"https:\/\/api.w.org\/{rel}","templated":true}]}}