{"id":253,"date":"2025-01-18T12:58:52","date_gmt":"2025-01-18T11:58:52","guid":{"rendered":"https:\/\/aujourdhui-jean-moulin.fr\/?page_id=253"},"modified":"2025-04-29T08:00:05","modified_gmt":"2025-04-29T06:00:05","slug":"lequipe","status":"publish","type":"page","link":"https:\/\/aujourdhui-jean-moulin.fr\/index.php\/lequipe\/","title":{"rendered":"L&rsquo;\u00e9quipe"},"content":{"rendered":"\n<h2 class=\"wp-block-heading\"><\/h2>\n\n\n\n<div class=\"wp-block-columns alignwide has-normal-font-size is-layout-flex wp-container-core-columns-is-layout-1 wp-block-columns-is-layout-flex\" style=\"margin-bottom:0\">\n<div class=\"wp-block-column has-text-color has-background has-link-color wp-elements-5563f277699524a5f1eb2abde9785e58 is-layout-flow wp-block-column-is-layout-flow\" style=\"color:#000000;background-color:#4153e054;padding-top:2em;padding-right:2em;padding-bottom:2em;padding-left:2em\">\n<h2 class=\"wp-block-heading has-text-align-center has-medium-font-size\" id=\"patron\"><strong>Mathis<\/strong><br><strong>Gil<\/strong><\/h2>\n\n\n\n<figure class=\"wp-block-image aligncenter size-full is-resized is-style-rounded\"><img loading=\"lazy\" decoding=\"async\" width=\"1066\" height=\"1600\" src=\"https:\/\/aujourdhui-jean-moulin.fr\/wp-content\/uploads\/2025\/04\/photo-2.jpg\" alt=\"\" class=\"wp-image-754\" style=\"aspect-ratio:2\/3;object-fit:cover;width:141px;height:auto\" srcset=\"https:\/\/aujourdhui-jean-moulin.fr\/wp-content\/uploads\/2025\/04\/photo-2.jpg 1066w, https:\/\/aujourdhui-jean-moulin.fr\/wp-content\/uploads\/2025\/04\/photo-2-200x300.jpg 200w, https:\/\/aujourdhui-jean-moulin.fr\/wp-content\/uploads\/2025\/04\/photo-2-682x1024.jpg 682w, https:\/\/aujourdhui-jean-moulin.fr\/wp-content\/uploads\/2025\/04\/photo-2-768x1153.jpg 768w, https:\/\/aujourdhui-jean-moulin.fr\/wp-content\/uploads\/2025\/04\/photo-2-1023x1536.jpg 1023w\" sizes=\"auto, (max-width: 1066px) 100vw, 1066px\" \/><\/figure>\n\n\n\n<hr class=\"wp-block-separator has-css-opacity is-style-wide\"\/>\n\n\n\n<p class=\"has-small-font-size\">Apr\u00e8s une licence en histoire, il \u00e9tudie actuellement au sein du master MEEF de l\u2019acad\u00e9mie de Montpellier pour devenir professeur d\u2019histoire et de g\u00e9ographie.<br><br>Pass\u00e9 par les Cours Florent puis le conservatoire Camille Saint-Sa\u00ebns, il est aujourd&rsquo;hui professeur au Th\u00e9\u00e2tre des Beaux Arts \u00e0 Montpellier.<br><br>Particuli\u00e8rement concern\u00e9 par la vague de d\u00e9sinformation croissante, dont les jeunes sont les principales victimes, il est \u00e0 l&rsquo;origine d&rsquo;une approche int\u00e9gr\u00e9e o\u00f9 le d\u00e9veloppement de l&rsquo;esprit critique est indissociable de l\u2019utilisation de l&rsquo;art oratoire : le module \u201cSavoir penser, savoir parler\u201d.<\/p>\n<\/div>\n\n\n\n<div class=\"wp-block-column has-text-color has-background has-link-color wp-elements-0df8fccc27256f95186ee46001f6736b is-layout-flow wp-block-column-is-layout-flow\" style=\"color:#000000;background-color:#4153e054;padding-top:2em;padding-right:2em;padding-bottom:2em;padding-left:2em\">\n<h2 class=\"wp-block-heading has-text-align-center has-medium-font-size\" id=\"family\"><strong>Cyril <\/strong><br><strong>Cassagnaud<\/strong><\/h2>\n\n\n\n<figure class=\"wp-block-image aligncenter size-full is-resized is-style-rounded\"><img loading=\"lazy\" decoding=\"async\" width=\"800\" height=\"800\" src=\"https:\/\/aujourdhui-jean-moulin.fr\/wp-content\/uploads\/2025\/02\/cyril-phot.jpg\" alt=\"\" class=\"wp-image-484\" style=\"aspect-ratio:2\/3;object-fit:cover;width:141px;height:auto\" srcset=\"https:\/\/aujourdhui-jean-moulin.fr\/wp-content\/uploads\/2025\/02\/cyril-phot.jpg 800w, https:\/\/aujourdhui-jean-moulin.fr\/wp-content\/uploads\/2025\/02\/cyril-phot-300x300.jpg 300w, https:\/\/aujourdhui-jean-moulin.fr\/wp-content\/uploads\/2025\/02\/cyril-phot-150x150.jpg 150w, https:\/\/aujourdhui-jean-moulin.fr\/wp-content\/uploads\/2025\/02\/cyril-phot-768x768.jpg 768w\" sizes=\"auto, (max-width: 800px) 100vw, 800px\" \/><\/figure>\n\n\n\n<hr class=\"wp-block-separator has-css-opacity is-style-wide\"\/>\n\n\n\n<p class=\"has-small-font-size\">C\u2019est au lyc\u00e9e Jean Moulin de B\u00e9ziers qu\u2019il a d\u00e9velopp\u00e9 un vif int\u00e9r\u00eat pour la R\u00e9sistance et la Seconde Guerre mondiale.&nbsp;<\/p>\n\n\n\n<p class=\"has-small-font-size\">Apr\u00e8s une formation d\u2019ing\u00e9nieur \u00e0 l\u2019ENSEEIHT, un master \u00e0 Sciences Po Paris et un dipl\u00f4me de l\u2019Institut National des Etudes Territoriales, il s&rsquo;engage au service de la R\u00e9publique, avec la volont\u00e9 de participer \u00e0 la solidarit\u00e9 et la coh\u00e9sion sociale, des valeurs qu&rsquo;il a rencontr\u00e9es sur les terrains de rugby et dans le milieu associatif.<\/p>\n\n\n\n<p class=\"has-small-font-size\">Actuellement ing\u00e9nieur en chef territorial, il exerce les missions de directeur de la transition \u00e9cologique et solidaire dans une administration publique et donne des enseignements sur le sujet \u00e0 Sciences Po Paris.<\/p>\n<\/div>\n\n\n\n<div class=\"wp-block-column has-text-color has-background has-link-color wp-elements-f6c380a8e4db6f5819827a0a8b903020 is-layout-flow wp-block-column-is-layout-flow\" style=\"color:#000000;background-color:#4153e054;padding-top:2em;padding-right:2em;padding-bottom:2em;padding-left:2em\">\n<h2 class=\"wp-block-heading has-text-align-center has-medium-font-size\" id=\"single\"><strong>Marion<\/strong><br><strong>Carpio<\/strong><\/h2>\n\n\n\n<figure class=\"wp-block-image aligncenter size-full is-resized is-style-rounded\"><img loading=\"lazy\" decoding=\"async\" width=\"800\" height=\"800\" src=\"https:\/\/aujourdhui-jean-moulin.fr\/wp-content\/uploads\/2025\/02\/marion-photo.jpg\" alt=\"\" class=\"wp-image-588\" style=\"aspect-ratio:2\/3;object-fit:cover;width:141px;height:auto\" srcset=\"https:\/\/aujourdhui-jean-moulin.fr\/wp-content\/uploads\/2025\/02\/marion-photo.jpg 800w, https:\/\/aujourdhui-jean-moulin.fr\/wp-content\/uploads\/2025\/02\/marion-photo-300x300.jpg 300w, https:\/\/aujourdhui-jean-moulin.fr\/wp-content\/uploads\/2025\/02\/marion-photo-150x150.jpg 150w, https:\/\/aujourdhui-jean-moulin.fr\/wp-content\/uploads\/2025\/02\/marion-photo-768x768.jpg 768w\" sizes=\"auto, (max-width: 800px) 100vw, 800px\" \/><\/figure>\n\n\n\n<hr class=\"wp-block-separator has-css-opacity is-style-wide\"\/>\n\n\n\n<p class=\"has-small-font-size\" style=\"line-height:1.5\">Passionn\u00e9e d\u2019Histoire, c\u2019est la lecture de l\u2019Arm\u00e9e des Ombres qui l\u2019a plong\u00e9e dans les r\u00e9cits de la R\u00e9sistance.<br><br>Ayant grandi \u00e0 B\u00e9ziers, elle veut contribuer \u00e0 faire vivre l&rsquo;h\u00e9ritage de Jean Moulin \u00e0 notre \u00e9poque, et avec lui celui de tous les R\u00e9sistants qui sont morts dans l\u2019ombre.<br><br>Dipl\u00f4m\u00e9e de Sciences Po Paris et de la London School of Economics, elle travaille aujourd&rsquo;hui dans un groupe priv\u00e9 fran\u00e7ais.<\/p>\n\n\n\n<p class=\"has-small-font-size\" style=\"line-height:1.5\"><\/p>\n<\/div>\n\n\n\n<div class=\"wp-block-column has-text-color has-background has-link-color wp-elements-b93e86e630c97a9d671d349275e7bd90 is-layout-flow wp-block-column-is-layout-flow\" style=\"color:#000000;background-color:#4153e054;padding-top:2em;padding-right:2em;padding-bottom:2em;padding-left:2em\">\n<h2 class=\"wp-block-heading has-text-align-center has-medium-font-size\" id=\"patron\"><strong>Pablo <\/strong><br><strong>Gil<\/strong><\/h2>\n\n\n\n<figure class=\"wp-block-image aligncenter size-full is-resized is-style-rounded\"><img loading=\"lazy\" decoding=\"async\" width=\"1497\" height=\"781\" src=\"https:\/\/aujourdhui-jean-moulin.fr\/wp-content\/uploads\/2025\/02\/test-photo-1.png\" alt=\"\" class=\"wp-image-600\" style=\"aspect-ratio:2\/3;object-fit:cover;width:141px;height:auto\" srcset=\"https:\/\/aujourdhui-jean-moulin.fr\/wp-content\/uploads\/2025\/02\/test-photo-1.png 1497w, https:\/\/aujourdhui-jean-moulin.fr\/wp-content\/uploads\/2025\/02\/test-photo-1-300x157.png 300w, https:\/\/aujourdhui-jean-moulin.fr\/wp-content\/uploads\/2025\/02\/test-photo-1-1024x534.png 1024w, https:\/\/aujourdhui-jean-moulin.fr\/wp-content\/uploads\/2025\/02\/test-photo-1-768x401.png 768w\" sizes=\"auto, (max-width: 1497px) 100vw, 1497px\" \/><\/figure>\n\n\n\n<hr class=\"wp-block-separator has-css-opacity is-style-wide\"\/>\n\n\n\n<p class=\"has-small-font-size\">Pass\u00e9 par le lyc\u00e9e Jean Moulin de B\u00e9ziers, et ailier pendant 10 ann\u00e9es \u00e0 l&rsquo;ASBH, il a pass\u00e9 plus de temps \u00e0 attendre le ballon qu&rsquo;\u00e0 convaincre sur le terrain.&nbsp;<\/p>\n\n\n\n<p class=\"has-small-font-size\">Ing\u00e9nieur de formation, dipl\u00f4m\u00e9 de l&rsquo;ESSEC et pass\u00e9 par l&rsquo;Ecole Normale Sup\u00e9rieure, il travaille comme \u00e9conomiste du climat au sein de la Banque de France apr\u00e8s avoir travaill\u00e9 au si\u00e8ge des Nations Unies \u00e0 New York. <br><br>Il y r\u00e9alise l\u2019importance et la fragilit\u00e9 de la paix internationale, et la n\u00e9cessit\u00e9 de retrouver un espace commun de dialogue contre l\u2019isolement social, \u00e9conomique et algorithmique.<\/p>\n<\/div>\n<\/div>\n\n\n\n<div class=\"wp-block-buttons is-content-justification-center is-layout-flex wp-container-core-buttons-is-layout-1 wp-block-buttons-is-layout-flex\">\n<div class=\"wp-block-button\"><a class=\"wp-block-button__link has-background wp-element-button\" href=\"https:\/\/www.helloasso.com\/associations\/aujourd-hui-jean-moulin\" style=\"background-color:#1e1f42\">Pour nous soutenir, c&rsquo;est ici !<\/a><\/div>\n<\/div>\n","protected":false},"excerpt":{"rendered":"<p>MathisGil Apr\u00e8s une licence en histoire, il \u00e9tudie actuellement au sein du master MEEF de l\u2019acad\u00e9mie de Montpellier pour devenir professeur d\u2019histoire et de g\u00e9ographie. Pass\u00e9 par les Cours Florent puis le conservatoire Camille Saint-Sa\u00ebns, il est aujourd&rsquo;hui professeur au Th\u00e9\u00e2tre des Beaux Arts \u00e0 Montpellier. Particuli\u00e8rement concern\u00e9 par la vague de d\u00e9sinformation croissante, dont [&hellip;]<\/p>\n","protected":false},"author":1,"featured_media":0,"parent":0,"menu_order":0,"comment_status":"closed","ping_status":"closed","template":"","meta":{"footnotes":""},"class_list":["post-253","page","type-page","status-publish","hentry"],"_links":{"self":[{"href":"https:\/\/aujourdhui-jean-moulin.fr\/index.php\/wp-json\/wp\/v2\/pages\/253","targetHints":{"allow":["GET"]}}],"collection":[{"href":"https:\/\/aujourdhui-jean-moulin.fr\/index.php\/wp-json\/wp\/v2\/pages"}],"about":[{"href":"https:\/\/aujourdhui-jean-moulin.fr\/index.php\/wp-json\/wp\/v2\/types\/page"}],"author":[{"embeddable":true,"href":"https:\/\/aujourdhui-jean-moulin.fr\/index.php\/wp-json\/wp\/v2\/users\/1"}],"replies":[{"embeddable":true,"href":"https:\/\/aujourdhui-jean-moulin.fr\/index.php\/wp-json\/wp\/v2\/comments?post=253"}],"version-history":[{"count":34,"href":"https:\/\/aujourdhui-jean-moulin.fr\/index.php\/wp-json\/wp\/v2\/pages\/253\/revisions"}],"predecessor-version":[{"id":783,"href":"https:\/\/aujourdhui-jean-moulin.fr\/index.php\/wp-json\/wp\/v2\/pages\/253\/revisions\/783"}],"wp:attachment":[{"href":"https:\/\/aujourdhui-jean-moulin.fr\/index.php\/wp-json\/wp\/v2\/media?parent=253"}],"curies":[{"name":"wp","href":"https:\/\/api.w.org\/{rel}","templated":true}]}}