{"id":343,"date":"2025-01-28T19:40:36","date_gmt":"2025-01-28T18:40:36","guid":{"rendered":"https:\/\/aujourdhui-jean-moulin.fr\/?page_id=343"},"modified":"2025-11-18T09:53:33","modified_gmt":"2025-11-18T08:53:33","slug":"mentions-legales-et-politique-de-confidentialite","status":"publish","type":"page","link":"https:\/\/aujourdhui-jean-moulin.fr\/index.php\/mentions-legales-et-politique-de-confidentialite\/","title":{"rendered":"Mentions l\u00e9gales et politique de confidentialit\u00e9"},"content":{"rendered":"\n<p id=\"Mentions-l\u00e9gales\"><strong>1. Edition du site<\/strong><\/p>\n\n\n\n<p>Le site est \u00e9dit\u00e9 par l\u2019association \u201cAujourd&rsquo;hui Jean Moulin\u201d (ci-apr\u00e8s \u201cl\u2019Association\u201d), association loi 1901 dont le si\u00e8ge est situ\u00e9 \u00e0 B\u00e9ziers, immatricul\u00e9e sous le num\u00e9ro RNA W341014413.&nbsp;<\/p>\n\n\n\n<p>Directeur de la publication : Cyril Cassagnaud, pr\u00e9sident de l\u2019Association.&nbsp;<\/p>\n\n\n\n<p>H\u00e9bergeur : OVH &#8211; 2 rue Kellermann &#8211; 59100 Roubaix &#8211; France (www.ovh.com)<\/p>\n\n\n\n<p>Cr\u00e9ation du site internet : Pablo Gil<\/p>\n\n\n\n<p>Cr\u00e9ation de la charte graphique : Lysa Pintus<\/p>\n\n\n\n<p><strong>2. Informatique &amp; Libert\u00e9s<\/strong><\/p>\n\n\n\n<p>La notion de \u00ab donn\u00e9es \u00e0 caract\u00e8re personnel \u00bb ou \u00ab donn\u00e9es personnelles \u00bb correspond \u00e0 la d\u00e9finition donn\u00e9e par l\u2019article 4 du R\u00e8glement G\u00e9n\u00e9ral de l\u2019Union europ\u00e9enne sur la protection des Donn\u00e9es (le \u201cRGPD\u201d, R\u00e8glement UE 2016\/679) c\u2019est-\u00e0-dire \u00e0 toute information susceptible de permettre l\u2019identification d\u2019une personne physique de mani\u00e8re directe ou indirecte : nom, pr\u00e9nom, adresse IP, adresse email, etc<\/p>\n\n\n\n<p>L\u2019Association affirme son attachement au respect des lois et r\u00e8glements applicables en mati\u00e8re de protection des donn\u00e9es personnelles et s\u2019engage \u00e0 pr\u00e9server leur s\u00e9curit\u00e9, leur confidentialit\u00e9 et leur int\u00e9grit\u00e9.<\/p>\n\n\n\n<p>L\u2019Association s\u2019engage formellement \u00e0 ne vendre, louer, \u00e9changer ou c\u00e9der \u00e0 titre gratuit aucune information personnelle.<\/p>\n\n\n\n<p>Pour toute information sur la protection des donn\u00e9es personnelles, vous pouvez \u00e9galement consulter le site de la Commission Informatique et Libert\u00e9 www.cnil.fr.<\/p>\n\n\n\n<p><strong>3. Responsable de traitement<\/strong><\/p>\n\n\n\n<p>Le responsable de traitement est la personne morale ou physique qui d\u00e9termine les finalit\u00e9s et les moyens d&rsquo;un traitement, c&rsquo;est-\u00e0-dire l&rsquo;objectif et la fa\u00e7on de le r\u00e9aliser.<\/p>\n\n\n\n<p>L\u2019Association agit en tant que responsable de traitement des donn\u00e9es personnelles collect\u00e9es sur le Site.<\/p>\n\n\n\n<p><strong>4. Donn\u00e9es collect\u00e9es<\/strong><\/p>\n\n\n\n<p>Les donn\u00e9es collect\u00e9es diff\u00e8rent en fonction de la finalit\u00e9 des traitements associ\u00e9s.<\/p>\n\n\n\n<p><strong>5. Utilisation des donn\u00e9es<\/strong><\/p>\n\n\n\n<p>Les donn\u00e9es collect\u00e9es sont utilis\u00e9es pour les finalit\u00e9s suivantes :<\/p>\n\n\n\n<p>Contact par email. Les donn\u00e9es collect\u00e9es sont utilis\u00e9es exclusivement pour satisfaire aux demandes de l\u2019\u00e9metteur de l\u2019email et peuvent \u00eatre transf\u00e9r\u00e9es, dans ce cadre uniquement, aux membres du Collectif qui doivent en conna\u00eetre.<\/p>\n\n\n\n<p><strong>6. Destinataire de vos donn\u00e9es<\/strong><\/p>\n\n\n\n<p>Les donn\u00e9es collect\u00e9es sont destin\u00e9es uniquement aux services internes de l\u2019Association.<\/p>\n\n\n\n<p>Les donn\u00e9es trait\u00e9es peuvent \u00e9galement \u00eatre transmises aux autorit\u00e9s comp\u00e9tentes, \u00e0 leur demande, dans le cadre de proc\u00e9dures judiciaires, dans le cadre de recherches judiciaires et de sollicitations d&rsquo;information des autorit\u00e9s ou afin de se conformer \u00e0 d&rsquo;autres obligations l\u00e9gales.<\/p>\n\n\n\n<p><strong>7. S\u00e9curit\u00e9 et stockage<\/strong><\/p>\n\n\n\n<p>L\u2019Association est particuli\u00e8rement attach\u00e9e \u00e0 la s\u00e9curit\u00e9 des donn\u00e9es personnelles que nous collectons et traitons.<\/p>\n\n\n\n<p>Nous mettons en \u0153uvre les mesures techniques, physiques et organisationnelles n\u00e9cessaires pour pr\u00e9venir, dans la mesure du possible, toute alt\u00e9ration, perte ou acc\u00e8s non autoris\u00e9 \u00e0 vos donn\u00e9es personnelles.<\/p>\n\n\n\n<p>H\u00e9bergement des Donn\u00e9es du site &#8211; Le site www.aujourdhui-jean-moulin.fr est h\u00e9berg\u00e9 en France (FR) par la soci\u00e9t\u00e9 OVH SAS<\/p>\n\n\n\n<p>Services tiers h\u00e9berg\u00e9s dans l\u2019Union Europ\u00e9enne &#8211; Les donn\u00e9es trait\u00e9es par notre partenaire HelloAsso sont conserv\u00e9es et stock\u00e9es, pendant toute la dur\u00e9e de leur conservation sur les serveurs de la soci\u00e9t\u00e9 Microsoft, situ\u00e9s dans l\u2019Union europ\u00e9enne aux Pays-Bas et en Irlande.<\/p>\n\n\n\n<p>HelloAsso s\u2019engage \u00e0 ce que ces donn\u00e9es ne fassent l\u2019objet d\u2019aucun transfert en dehors de l\u2019Union europ\u00e9enne.<\/p>\n\n\n\n<p><strong>8. Droits relatifs aux donn\u00e9es<\/strong><\/p>\n\n\n\n<p>Vous disposez d&rsquo;un droit d&rsquo;acc\u00e8s, de rectification, de limitation et de suppression, de portabilit\u00e9 des informations personnelles vous concernant, ainsi que la possibilit\u00e9 de vous opposer au traitement de ces donn\u00e9es. Vous pouvez exercer ces droits \u00e0 tout moment en nous contactant par email \u00e0 l&rsquo;adresse contact[@]aujourdhui-jean-moulin.fr\u00a0<\/p>\n\n\n\n<p><strong>9. Cookies<\/strong><\/p>\n\n\n\n<p>Le terme de \u201ccookies\u201d couvre l&rsquo;ensemble des traceurs d\u00e9pos\u00e9s et \/ ou lus, par exemple, lors de votre navigation sur des pages et sites internet, de la lecture d&rsquo;un courrier \u00e9lectronique, de l&rsquo;installation ou de l&rsquo;utilisation d&rsquo;un logiciel ou d&rsquo;une application mobile.<\/p>\n\n\n\n<p>Les cookies sont utilis\u00e9s sur le Site uniquement \u00e0 des fins de s\u00e9curit\u00e9. L&rsquo;Utilisateur peut \u00e0 tout moment d\u00e9sactiver l&rsquo;utilisation de ces cookies en s\u00e9lectionnant les param\u00e8tres appropri\u00e9s dans son navigateur.<\/p>\n","protected":false},"excerpt":{"rendered":"<p>1. Edition du site Le site est \u00e9dit\u00e9 par l\u2019association \u201cAujourd&rsquo;hui Jean Moulin\u201d (ci-apr\u00e8s \u201cl\u2019Association\u201d), association loi 1901 dont le si\u00e8ge est situ\u00e9 \u00e0 B\u00e9ziers, immatricul\u00e9e sous le num\u00e9ro RNA W341014413.&nbsp; Directeur de la publication : Cyril Cassagnaud, pr\u00e9sident de l\u2019Association.&nbsp; H\u00e9bergeur : OVH &#8211; 2 rue Kellermann &#8211; 59100 Roubaix &#8211; France (www.ovh.com) Cr\u00e9ation [&hellip;]<\/p>\n","protected":false},"author":1,"featured_media":0,"parent":0,"menu_order":0,"comment_status":"closed","ping_status":"closed","template":"","meta":{"footnotes":""},"class_list":["post-343","page","type-page","status-publish","hentry"],"_links":{"self":[{"href":"https:\/\/aujourdhui-jean-moulin.fr\/index.php\/wp-json\/wp\/v2\/pages\/343","targetHints":{"allow":["GET"]}}],"collection":[{"href":"https:\/\/aujourdhui-jean-moulin.fr\/index.php\/wp-json\/wp\/v2\/pages"}],"about":[{"href":"https:\/\/aujourdhui-jean-moulin.fr\/index.php\/wp-json\/wp\/v2\/types\/page"}],"author":[{"embeddable":true,"href":"https:\/\/aujourdhui-jean-moulin.fr\/index.php\/wp-json\/wp\/v2\/users\/1"}],"replies":[{"embeddable":true,"href":"https:\/\/aujourdhui-jean-moulin.fr\/index.php\/wp-json\/wp\/v2\/comments?post=343"}],"version-history":[{"count":6,"href":"https:\/\/aujourdhui-jean-moulin.fr\/index.php\/wp-json\/wp\/v2\/pages\/343\/revisions"}],"predecessor-version":[{"id":810,"href":"https:\/\/aujourdhui-jean-moulin.fr\/index.php\/wp-json\/wp\/v2\/pages\/343\/revisions\/810"}],"wp:attachment":[{"href":"https:\/\/aujourdhui-jean-moulin.fr\/index.php\/wp-json\/wp\/v2\/media?parent=343"}],"curies":[{"name":"wp","href":"https:\/\/api.w.org\/{rel}","templated":true}]}}